{"id":7897,"date":"2018-07-05T09:21:28","date_gmt":"2018-07-05T09:21:28","guid":{"rendered":"https:\/\/www.nowyou.it\/?page_id=7897"},"modified":"2023-10-13T18:47:20","modified_gmt":"2023-10-13T16:47:20","slug":"testimonial","status":"publish","type":"page","link":"https:\/\/www.nowyou.it\/index.php\/testimonial\/","title":{"rendered":"Testimonial"},"content":{"rendered":"<section class=\"wpb-content-wrapper\"><p>[vc_section full_width=&#8221;stretch_row&#8221; css=&#8221;.vc_custom_1527767850756{margin-top: 0px !important;margin-bottom: 0px !important;padding-top: 90px !important;padding-bottom: 75px !important;}&#8221;][vc_row gap=&#8221;30&#8243;][vc_column css=&#8221;.vc_custom_1527765435779{margin-top: 0px !important;margin-bottom: 0px !important;}&#8221;][vc_custom_heading text=&#8221;Quando la formazione fa la differenza&#8221; font_container=&#8221;tag:h3|font_size:40px|text_align:left|color:%230c121f|line_height:50px&#8221; use_theme_fonts=&#8221;yes&#8221; css=&#8221;.vc_custom_1696748011074{margin-top: 0px !important;margin-bottom: 20px !important;}&#8221; el_class=&#8221;font-weight-bold&#8221;][vc_custom_heading text=&#8221;Accompagnare Manager e Dirigenti nei momenti pi\u00f9 importanti, per lo sviluppo di quelle skills capaci di farli avanzare nella propria carriera ci rende sempre fieri e felici.&#8221; font_container=&#8221;tag:p|text_align:left|color:%230c121f&#8221; use_theme_fonts=&#8221;yes&#8221; css=&#8221;.vc_custom_1696747955655{margin-top: 0px !important;margin-bottom: 0px !important;}&#8221;][vc_row_inner css=&#8221;.vc_custom_1530789923352{margin-top: 40px !important;margin-bottom: 0px !important;padding-top: 0px !important;padding-bottom: 0px !important;}&#8221;][vc_column_inner css=&#8221;.vc_custom_1530789866926{margin-top: 0px !important;margin-bottom: 0px !important;padding-top: 0px !important;padding-bottom: 0px !important;}&#8221;]<div class=\"testimonial element-eight  rt698245012\"  data-row-items=\"1\"><div class=\"testimonial-item \" ><div class=\"holder\"><div class=\"testimonial-title-pic matchHeight\"><img width=\"195\" height=\"195\" src=\"https:\/\/www.nowyou.it\/wp-content\/uploads\/2018\/07\/EY-logo.png\" class=\"attachment-small size-small wp-post-image\" alt=\"\" decoding=\"async\" srcset=\"https:\/\/www.nowyou.it\/wp-content\/uploads\/2018\/07\/EY-logo.png 195w, https:\/\/www.nowyou.it\/wp-content\/uploads\/2018\/07\/EY-logo-150x150.png 150w\" sizes=\"(max-width: 195px) 100vw, 195px\" \/><\/div><div class=\"testimonial-title-data matchHeight\"><blockquote><p>Dell\u2019esperienza di Full Immersion in Umbria con The Language Center ho apprezzato in modo particolare il fatto di avere la possibilit\u00e0 di spaziare\r\ndal Business English, grazie al Piano di Studi Personalizzato creato su misura per me, al Social English, durante i pasti svolti con i docenti. Ho\r\nconsiderato questo ultimo aspetto un plus, perch\u00e9 mi ha permesso di approfondire anche l\u2019inglese del day by day. Ero impiegato presso Ernst &amp; Young ai tempi.\r\n<\/p><\/blockquote><cite>Federico Ballerio, CFO presso Soag Europe SA<\/cite><\/div><\/div><\/div><div class=\"testimonial-item \" ><div class=\"holder\"><div class=\"testimonial-title-pic matchHeight\"><img width=\"3840\" height=\"3336\" src=\"https:\/\/www.nowyou.it\/wp-content\/uploads\/2018\/07\/Maserati-Logo.png\" class=\"attachment-small size-small wp-post-image\" alt=\"\" decoding=\"async\" srcset=\"https:\/\/www.nowyou.it\/wp-content\/uploads\/2018\/07\/Maserati-Logo.png 3840w, https:\/\/www.nowyou.it\/wp-content\/uploads\/2018\/07\/Maserati-Logo-300x261.png 300w, https:\/\/www.nowyou.it\/wp-content\/uploads\/2018\/07\/Maserati-Logo-1024x890.png 1024w, https:\/\/www.nowyou.it\/wp-content\/uploads\/2018\/07\/Maserati-Logo-768x667.png 768w, https:\/\/www.nowyou.it\/wp-content\/uploads\/2018\/07\/Maserati-Logo-1536x1334.png 1536w, https:\/\/www.nowyou.it\/wp-content\/uploads\/2018\/07\/Maserati-Logo-2048x1779.png 2048w\" sizes=\"(max-width: 3840px) 100vw, 3840px\" \/><\/div><div class=\"testimonial-title-data matchHeight\"><blockquote><p>Dopo 4 giorni di Full Immersion di Inglese presso The Language Center di Todi, \u00e8 impossibile che non accada qualcosa. Non parlo di miracoli, ma\r\ndi risultati: si \u00e8 riaccesa la passione per la lingua! Sono molto contenta e soddisfatta della scelta fatta, oltre ad una bella vacanza, \u00e8 stata una\r\nmemorabile esperienza. Il corso \u00e8 stato molto professionale, intenso di contenuti, inserito in un\u2019ambiente confortevole e amichevole. \u00c8 stata\r\nuna vacanza-studio intelligente con una ottima occasione di rinfrescare l\u2019inglese. Evitando di recarsi all\u2019estero nei paesi anglosassoni, a pochi\r\npassi da casa esiste questa valida opportunit\u00e0. La piccola citt\u00e0 di Todi offre inoltre un ambiente internazionale, dove \u00e8 pi\u00f9 facile parlare in\r\nInglese che in Italiano, anche al di fuori della scuola.\r\n\u00c8 un\u2019esperienza che mi \u00e8 piaciuta molto, e soprattutto mi ha permesso di avere il booster in inglese che desideravo, trasmettendomi la passione di\r\ncontinuare a studiare la lingua.<\/p><\/blockquote><cite>Marina Plavinskaia, Technical Author - Owner Doc. Automotive (Tweddle Group) - Consulente di Maserati Academy<\/cite><\/div><\/div><\/div><div class=\"testimonial-item \" ><div class=\"holder\"><div class=\"testimonial-title-pic matchHeight\"><img width=\"512\" height=\"512\" src=\"https:\/\/www.nowyou.it\/wp-content\/uploads\/2018\/04\/deloitte-logo.png\" class=\"attachment-small size-small wp-post-image\" alt=\"\" decoding=\"async\" srcset=\"https:\/\/www.nowyou.it\/wp-content\/uploads\/2018\/04\/deloitte-logo.png 512w, https:\/\/www.nowyou.it\/wp-content\/uploads\/2018\/04\/deloitte-logo-300x300.png 300w, https:\/\/www.nowyou.it\/wp-content\/uploads\/2018\/04\/deloitte-logo-150x150.png 150w\" sizes=\"(max-width: 512px) 100vw, 512px\" \/><\/div><div class=\"testimonial-title-data matchHeight\"><blockquote><p>Corso fantastico, sono rimasto molto soddisfatto dalla professionalit\u00e0 della scuola e dalla precisione del programma di studi personalizzato, per\r\nnon parlare della splendida location dove questo si \u00e8 svolto.\r\nIl Language Coach riesce a cogliere immediatamente le esigenze didattiche dello studente improntando la didattica al meglio.\r\nScegliere The Language Center per migliorare le mie doti linguistiche e crescere professionalmente \u00e8 stata sicuramente la scelta giusta.<\/p><\/blockquote><cite>Francesco Sangiorgio, Chartered Accountant and Statutory Auditor \u2013 Deloitte<\/cite><\/div><\/div><\/div><div class=\"testimonial-item \" ><div class=\"holder\"><div class=\"testimonial-title-pic matchHeight\"><img width=\"195\" height=\"195\" src=\"https:\/\/www.nowyou.it\/wp-content\/uploads\/2018\/04\/brunello_cucinelli_logo.png\" class=\"attachment-small size-small wp-post-image\" alt=\"\" decoding=\"async\" srcset=\"https:\/\/www.nowyou.it\/wp-content\/uploads\/2018\/04\/brunello_cucinelli_logo.png 195w, https:\/\/www.nowyou.it\/wp-content\/uploads\/2018\/04\/brunello_cucinelli_logo-150x150.png 150w\" sizes=\"(max-width: 195px) 100vw, 195px\" \/><\/div><div class=\"testimonial-title-data matchHeight\"><blockquote><p>Per esigenza lavorativa e di vita volevo fare un corso di Inglese intensivo all\u2019estero con l\u2019intenzione di catapultarmi in una realt\u00e0 straniera per apprendere la lingua nel migliore dei modi. Ma perch\u00e9 andare fuori quando lo si pu\u00f2 comodamente fare a pochi passi da casa?! E ci sono volute pochissime ore per farmi ricredere di un primo scetticismo sul risultato finale; fin da subito \u00e8 stato come fare un viaggio, una breve avventura in una routine nuova, dinamica e sicuramente stimolante, della quale ho apprezzato, non solo la professionalit\u00e0 di chi mi ha assistito, ma anche l\u2019accortezza e l\u2019interesse dimostrato nel tessere un corso che potesse essere fatto \u201c su misura \u201c, adatto alle mie esigenze e alla mia persona. Che poi, in tutta onest\u00e0, ritengo che chiamarlo \u201ccorso di lingua\u201d sarebbe riduttivo: tra lezioni di business e general English si \u00e8 condiviso molto di pi\u00f9, il tutto nell\u2019ottica di un nuovo modo di fare lezione, lontano da un\u2019idea ormai superata. Credo inoltre che la qualit\u00e0 del tempo sia essa stessa un valore aggiunto in grado di determinare la qualit\u00e0 lavoro stesso.\r\n\u00c8 stata davvero una bella esperienza.<\/p><\/blockquote><cite>Francesca Gagliardini, Showroom manager \u2013 Brunello Cucinelli SpA<\/cite><\/div><\/div><\/div><\/div>[\/vc_column_inner][\/vc_row_inner][\/vc_column][\/vc_row][\/vc_section]<\/p>\n<\/section>","protected":false},"excerpt":{"rendered":"<p>[vc_section full_width=&#8221;stretch_row&#8221; css=&#8221;.vc_custom_1527767850756{margin-top: 0px !important;margin-bottom: 0px !important;padding-top: 90px !important;padding-bottom: 75px !important;}&#8221;][vc_row gap=&#8221;30&#8243;][vc_column css=&#8221;.vc_custom_1527765435779{margin-top: 0px !important;margin-bottom: 0px !important;}&#8221;][vc_custom_heading text=&#8221;Quando la formazione fa la differenza&#8221; font_container=&#8221;tag:h3|font_size:40px|text_align:left|color:%230c121f|line_height:50px&#8221; use_theme_fonts=&#8221;yes&#8221; css=&#8221;.vc_custom_1696748011074{margin-top: 0px !important;margin-bottom: 20px !important;}&#8221; el_class=&#8221;font-weight-bold&#8221;][vc_custom_heading text=&#8221;Accompagnare Manager e Dirigenti nei momenti pi\u00f9 importanti, per lo sviluppo di quelle skills capaci di farli avanzare nella propria carriera ci rende sempre [&hellip;]<\/p>\n","protected":false},"author":1,"featured_media":8230,"parent":0,"menu_order":0,"comment_status":"closed","ping_status":"closed","template":"","meta":{"footnotes":""},"aioseo_notices":[],"_links":{"self":[{"href":"https:\/\/www.nowyou.it\/index.php\/wp-json\/wp\/v2\/pages\/7897"}],"collection":[{"href":"https:\/\/www.nowyou.it\/index.php\/wp-json\/wp\/v2\/pages"}],"about":[{"href":"https:\/\/www.nowyou.it\/index.php\/wp-json\/wp\/v2\/types\/page"}],"author":[{"embeddable":true,"href":"https:\/\/www.nowyou.it\/index.php\/wp-json\/wp\/v2\/users\/1"}],"replies":[{"embeddable":true,"href":"https:\/\/www.nowyou.it\/index.php\/wp-json\/wp\/v2\/comments?post=7897"}],"version-history":[{"count":4,"href":"https:\/\/www.nowyou.it\/index.php\/wp-json\/wp\/v2\/pages\/7897\/revisions"}],"predecessor-version":[{"id":8231,"href":"https:\/\/www.nowyou.it\/index.php\/wp-json\/wp\/v2\/pages\/7897\/revisions\/8231"}],"wp:featuredmedia":[{"embeddable":true,"href":"https:\/\/www.nowyou.it\/index.php\/wp-json\/wp\/v2\/media\/8230"}],"wp:attachment":[{"href":"https:\/\/www.nowyou.it\/index.php\/wp-json\/wp\/v2\/media?parent=7897"}],"curies":[{"name":"wp","href":"https:\/\/api.w.org\/{rel}","templated":true}]}}