{"id":6418,"date":"2018-05-31T06:49:44","date_gmt":"2018-05-31T06:49:44","guid":{"rendered":"https:\/\/www.nowyou.it\/?page_id=6418"},"modified":"2023-10-13T18:45:09","modified_gmt":"2023-10-13T16:45:09","slug":"formazione-finanziata","status":"publish","type":"page","link":"https:\/\/www.nowyou.it\/index.php\/formazione-finanziata\/","title":{"rendered":"Formazione Finanziata"},"content":{"rendered":"<section class=\"wpb-content-wrapper\"><p>[vc_row full_width=&#8221;stretch_row&#8221; css=&#8221;.vc_custom_1537345585967{margin-top: 0px !important;margin-bottom: 0px !important;padding-top: 90px !important;padding-bottom: 90px !important;background-position: center !important;background-repeat: no-repeat !important;background-size: cover !important;}&#8221;][vc_column width=&#8221;1\/2&#8243; css=&#8221;.vc_custom_1527750592187{margin-top: 0px !important;margin-bottom: 0px !important;padding-top: 0px !important;padding-bottom: 0px !important;}&#8221;][vc_custom_heading text=&#8221;Da oltre 15 anni specialisti nei Fondi Interprofessionali&#8221; font_container=&#8221;tag:h3|font_size:40px|text_align:left|line_height:50px&#8221; use_theme_fonts=&#8221;yes&#8221; css=&#8221;.vc_custom_1696748345625{margin-top: 0px !important;margin-bottom: 20px !important;}&#8221; el_class=&#8221;font-weight-bold&#8221;][vc_custom_heading text=&#8221;Data la sempre crescente importanza di formare adeguatamente i dipendenti delle aziende per poter svolgere i loro compiti in un mondo del lavoro che diventa sempre pi\u00f9 internazionale e pone sempre nuovi obiettivi e nuove necessit\u00e0, esistono svariate opportunit\u00e0 di ricevere dei finanziamenti proprio con questo obiettivo, che permettono dunque di offrire ai professionisti corsi di formazione linguistica di altissimo livello a costo zero.<br \/>\nLe occasioni di partecipare alla formazione finanziata sono rivolte alle aziende che necessitano di sviluppare competenze e conoscenze che possono risultare utili e spendibili in un determinato settore oppure di ambire a ruoli di pi\u00f9 alto profilo, ottenendo tutte le qualifiche necessarie a svolgere una determinata professione in modo efficace, proficuo e di successo.&#8221; font_container=&#8221;tag:p|text_align:left&#8221; use_theme_fonts=&#8221;yes&#8221; css=&#8221;.vc_custom_1696748419867{margin-top: 0px !important;margin-bottom: 22px !important;}&#8221;][vc_empty_space css=&#8221;.vc_custom_1537345542249{margin-top: 0px !important;margin-bottom: 0px !important;padding-top: 0px !important;padding-bottom: 0px !important;}&#8221;][\/vc_column][vc_column width=&#8221;1\/2&#8243; css=&#8221;.vc_custom_1527750607516{margin-top: 0px !important;margin-bottom: 0px !important;padding-top: 0px !important;padding-bottom: 0px !important;}&#8221;][vc_single_image image=&#8221;8185&#8243; img_size=&#8221;full&#8221; alignment=&#8221;center&#8221; css_animation=&#8221;none&#8221; css=&#8221;.vc_custom_1697215138853{margin-top: 0px !important;margin-bottom: 0px !important;}&#8221;][\/vc_column][\/vc_row][vc_row full_width=&#8221;stretch_row&#8221; css=&#8221;.vc_custom_1527844711957{margin-top: 0px !important;margin-bottom: 0px !important;padding-top: 0px !important;padding-bottom: 0px !important;background-position: center !important;background-repeat: no-repeat !important;background-size: cover !important;}&#8221;][vc_column css=&#8221;.vc_custom_1527750607516{margin-top: 0px !important;margin-bottom: 0px !important;padding-top: 0px !important;padding-bottom: 0px !important;}&#8221;][vc_custom_heading text=&#8221;Formule Finanziabili&#8221; font_container=&#8221;tag:h3|font_size:40px|text_align:center|line_height:50px&#8221; use_theme_fonts=&#8221;yes&#8221; css=&#8221;.vc_custom_1696748469867{margin-top: 0px !important;margin-bottom: 20px !important;}&#8221; el_class=&#8221;font-weight-bold&#8221;][vc_custom_heading text=&#8221;Tutte le nostre formule sia Full Immersion, Online che Blended sono interamente finanziabili.&#8221; font_container=&#8221;tag:p|text_align:center&#8221; use_theme_fonts=&#8221;yes&#8221; css=&#8221;.vc_custom_1696748525001{margin-top: 0px !important;margin-bottom: 0px !important;padding-bottom: 0px !important;}&#8221;][\/vc_column][\/vc_row][vc_row full_width=&#8221;stretch_row&#8221; css=&#8221;.vc_custom_1537345922914{margin-top: 0px !important;margin-bottom: 0px !important;padding-top: 40px !important;padding-bottom: 50px !important;background-position: center !important;background-repeat: no-repeat !important;background-size: cover !important;}&#8221;][vc_column width=&#8221;1\/2&#8243; css=&#8221;.vc_custom_1537345930234{margin-top: 0px !important;margin-bottom: 40px !important;padding-top: 0px !important;padding-bottom: 0px !important;}&#8221;][vc_single_image image=&#8221;8211&#8243; img_size=&#8221;full&#8221; alignment=&#8221;center&#8221; css_animation=&#8221;none&#8221; css=&#8221;.vc_custom_1697215156958{margin-top: 0px !important;margin-bottom: 0px !important;}&#8221;][\/vc_column][vc_column width=&#8221;1\/2&#8243; css=&#8221;.vc_custom_1537345936235{margin-top: 0px !important;margin-bottom: 0px !important;padding-top: 0px !important;padding-bottom: 40px !important;}&#8221;]<div class=\"radiantthemes-accordion element-three   vc_custom_1528103132031 rt129847926\"  ><div class=\"radiantthemes-accordion-item\"><div class=\"radiantthemes-accordion-item-title\"><div class=\"radiantthemes-accordion-item-title-icon\"><i class=\"fa fa-angle-down\"><\/i><\/div><h4 class=\"panel-title\">Full Immersion All-Inclusive<\/h4><\/div><div class=\"radiantthemes-accordion-item-body\">La\u00a0<strong>formazione aziendale finanziata<\/strong> include la sistemazione full board con alloggio in strutture 4 Stelle in Umbria.<\/div><\/div><div class=\"radiantthemes-accordion-item\"><div class=\"radiantthemes-accordion-item-title\"><div class=\"radiantthemes-accordion-item-title-icon\"><i class=\"fa fa-angle-down\"><\/i><\/div><h4 class=\"panel-title\">Language Coaching Online<\/h4><\/div><div class=\"radiantthemes-accordion-item-body\">I percorsi di\u00a0<strong>Language Coaching Online<\/strong>\u00a0risultano pi\u00f9 indicati laddove \u00e8 richiesta flessibilit\u00e0 ed immediatezza.<\/div><\/div><div class=\"radiantthemes-accordion-item\"><div class=\"radiantthemes-accordion-item-title\"><div class=\"radiantthemes-accordion-item-title-icon\"><i class=\"fa fa-angle-down\"><\/i><\/div><h4 class=\"panel-title\">I percorsi Blended<\/h4><\/div><div class=\"radiantthemes-accordion-item-body\">I percorsi\u00a0<strong>Blended\u00a0<\/strong>uniscono formazione Full Immersion ed Online alternando le formule secondo obiettivi specifici.<\/div><\/div><\/div>[\/vc_column][\/vc_row][vc_row full_width=&#8221;stretch_row&#8221; css=&#8221;.vc_custom_1527847169948{margin-top: 0px !important;margin-bottom: 0px !important;padding-top: 0px !important;padding-bottom: 90px !important;background-position: center !important;background-repeat: no-repeat !important;background-size: cover !important;}&#8221;][vc_column css=&#8221;.vc_custom_1527750592187{margin-top: 0px !important;margin-bottom: 0px !important;padding-top: 0px !important;padding-bottom: 0px !important;}&#8221;][vc_custom_heading text=&#8221;Sempre al Vostro Fianco&#8221; font_container=&#8221;tag:h3|font_size:40px|text_align:center|line_height:50px&#8221; use_theme_fonts=&#8221;yes&#8221; css=&#8221;.vc_custom_1697210015543{margin-top: 0px !important;margin-bottom: 20px !important;}&#8221; el_class=&#8221;font-weight-bold&#8221;][vc_custom_heading text=&#8221;La nostra pluriennale esperienza ci permette di affiancarvi dalle primissime fasi, passando per la preparazione e presentazione del progetto fino alla consegna di tutta la rendicontazione necessaria.&#8221; font_container=&#8221;tag:p|text_align:center&#8221; use_theme_fonts=&#8221;yes&#8221; css=&#8221;.vc_custom_1697210747891{margin-top: 0px !important;margin-bottom: 22px !important;}&#8221;][vc_row_inner css=&#8221;.vc_custom_1527847079119{margin-top: 0px !important;margin-bottom: 0px !important;}&#8221;][vc_column_inner width=&#8221;1\/3&#8243; css=&#8221;.vc_custom_1527847103327{margin-top: 34px !important;margin-bottom: 0px !important;padding-top: 0px !important;padding-bottom: 0px !important;}&#8221;][vc_single_image image=&#8221;8209&#8243; img_size=&#8221;full&#8221; alignment=&#8221;center&#8221; css=&#8221;.vc_custom_1697215278973{margin-top: 0px !important;margin-bottom: 0px !important;padding-top: 0px !important;padding-bottom: 0px !important;}&#8221;][vc_custom_heading text=&#8221;Presentazione del Piano&#8221; font_container=&#8221;tag:h3|font_size:20px|text_align:center|line_height:30px&#8221; use_theme_fonts=&#8221;yes&#8221; css=&#8221;.vc_custom_1697209965495{margin-top: 0px !important;margin-bottom: 0px !important;padding-top: 20px !important;padding-bottom: 10px !important;}&#8221; el_class=&#8221;letter-spacing-0&#8243;][\/vc_column_inner][vc_column_inner width=&#8221;1\/3&#8243; css=&#8221;.vc_custom_1527847108966{margin-top: 34px !important;margin-bottom: 0px !important;padding-top: 0px !important;padding-bottom: 0px !important;}&#8221;][vc_single_image image=&#8221;8209&#8243; img_size=&#8221;full&#8221; alignment=&#8221;center&#8221; css=&#8221;.vc_custom_1697215228391{margin-top: 0px !important;margin-bottom: 0px !important;padding-top: 0px !important;padding-bottom: 0px !important;}&#8221;][vc_custom_heading text=&#8221;Erogazione dei Corsi&#8221; font_container=&#8221;tag:h3|font_size:20px|text_align:center|line_height:30px&#8221; use_theme_fonts=&#8221;yes&#8221; css=&#8221;.vc_custom_1697209977238{margin-top: 0px !important;margin-bottom: 0px !important;padding-top: 20px !important;padding-bottom: 10px !important;}&#8221; el_class=&#8221;letter-spacing-0&#8243;][\/vc_column_inner][vc_column_inner width=&#8221;1\/3&#8243; css=&#8221;.vc_custom_1527847114822{margin-top: 34px !important;margin-bottom: 0px !important;padding-top: 0px !important;padding-bottom: 0px !important;}&#8221;][vc_single_image image=&#8221;8212&#8243; img_size=&#8221;full&#8221; alignment=&#8221;center&#8221; css=&#8221;.vc_custom_1697215249967{margin-top: 0px !important;margin-bottom: 0px !important;padding-top: 0px !important;padding-bottom: 0px !important;}&#8221;][vc_custom_heading text=&#8221;Rendicontazione Completa&#8221; font_container=&#8221;tag:h3|font_size:20px|text_align:center|line_height:30px&#8221; use_theme_fonts=&#8221;yes&#8221; css=&#8221;.vc_custom_1697209992379{margin-top: 0px !important;margin-bottom: 0px !important;padding-top: 20px !important;padding-bottom: 10px !important;}&#8221; el_class=&#8221;letter-spacing-0&#8243;][\/vc_column_inner][\/vc_row_inner][\/vc_column][\/vc_row][vc_row full_width=&#8221;stretch_row&#8221; equal_height=&#8221;yes&#8221; content_placement=&#8221;middle&#8221; parallax=&#8221;content-moving&#8221; css=&#8221;.vc_custom_1527845751933{margin-top: 0px !important;margin-bottom: 0px !important;padding-top: 122px !important;padding-bottom: 85px !important;background-image: url(https:\/\/www.nowyou.it\/wp-content\/uploads\/2018\/06\/services-classic-image03.png?id=6886) !important;background-position: center;background-repeat: no-repeat;background-size:cover;}&#8221;][vc_column width=&#8221;2\/3&#8243; css=&#8221;.vc_custom_1524220802243{margin-top: 0px !important;margin-bottom: 40px !important;padding-top: 0px !important;padding-bottom: 0px !important;}&#8221;][vc_custom_heading text=&#8221;International Learning Week,<br \/>\nInternational Learning Week-end&#8221; font_container=&#8221;tag:h3|font_size:40px|text_align:left|color:%23ffffff|line_height:48px&#8221; use_theme_fonts=&#8221;yes&#8221; css=&#8221;.vc_custom_1696749178860{margin-top: 0px !important;margin-bottom: 20px !important;}&#8221; el_class=&#8221;font-weight-bold&#8221;][vc_custom_heading text=&#8221;Percorsi Intensivi in Umbria assieme ad altri Manager e Dirigenti calendarizzati durante l&#8217;anno per Professionisti ed Aziende.&#8221; font_container=&#8221;tag:p|font_size:15px|text_align:left|color:%23ffffff|line_height:26px&#8221; use_theme_fonts=&#8221;yes&#8221; css=&#8221;.vc_custom_1696749284149{margin-top: 0px !important;margin-bottom: 0px !important;}&#8221; el_class=&#8221;letter-spacing-1&#8243;][\/vc_column][vc_column width=&#8221;1\/3&#8243; css=&#8221;.vc_custom_1524220809468{margin-top: 0px !important;margin-bottom: 40px !important;padding-top: 0px !important;padding-bottom: 0px !important;}&#8221;][\/vc_column][\/vc_row][vc_row full_width=&#8221;stretch_row&#8221; equal_height=&#8221;yes&#8221; content_placement=&#8221;middle&#8221; css=&#8221;.vc_custom_1696692117809{margin-top: 0px !important;margin-bottom: 0px !important;padding-top: 58px !important;padding-bottom: 40px !important;background-color: #f9b000 !important;}&#8221;][vc_column width=&#8221;2\/3&#8243; css=&#8221;.vc_custom_1528352421047{margin-top: 0px !important;margin-bottom: 18px !important;padding-top: 0px !important;padding-bottom: 0px !important;}&#8221; offset=&#8221;vc_col-lg-10 vc_col-md-10 vc_col-xs-12&#8243;][vc_column_text css=&#8221;.vc_custom_1696602896389{margin-top: 10px !important;margin-bottom: 0px !important;padding-top: 0px !important;padding-bottom: 0px !important;}&#8221;]<span style=\"color: #ffffff; font-size: 32px;\">Contattaci per scoprire la <strong>Real Language Experience<\/strong><\/span>[\/vc_column_text][\/vc_column][vc_column width=&#8221;1\/3&#8243; css=&#8221;.vc_custom_1528352442286{margin-top: 0px !important;margin-bottom: 18px !important;padding-top: 0px !important;padding-bottom: 0px !important;}&#8221; offset=&#8221;vc_col-lg-2 vc_col-md-2 vc_col-xs-12&#8243;]\r<!-- radiantthemes-custom-button -->\r<div class=\"radiantthemes-custom-button hover-style-four rt1728589192  font-weight-medium letter-spacing-0\"  data-button-direction=\"left\" data-button-fullwidth=\"true\"  data-button-icon-position=\"right\"><a style=\" color: #ffffff; line-height: 23px; font-size: 14px;\" class=\"radiantthemes-custom-button-main  vc_custom_1696692131636\" href=\"#\"  title=\"\" target=\"_self\"><div class=\"placeholder\">CONTATTO<i class=\"\"><\/i><\/div><\/a><\/div>\r<!-- radiantthemes-custom-button -->\r[\/vc_column][\/vc_row]<\/p>\n<\/section>","protected":false},"excerpt":{"rendered":"<p>[vc_row full_width=&#8221;stretch_row&#8221; css=&#8221;.vc_custom_1537345585967{margin-top: 0px !important;margin-bottom: 0px !important;padding-top: 90px !important;padding-bottom: 90px !important;background-position: center !important;background-repeat: no-repeat !important;background-size: cover !important;}&#8221;][vc_column width=&#8221;1\/2&#8243; css=&#8221;.vc_custom_1527750592187{margin-top: 0px !important;margin-bottom: 0px !important;padding-top: 0px !important;padding-bottom: 0px !important;}&#8221;][vc_custom_heading text=&#8221;Da oltre 15 anni specialisti nei Fondi Interprofessionali&#8221; font_container=&#8221;tag:h3|font_size:40px|text_align:left|line_height:50px&#8221; use_theme_fonts=&#8221;yes&#8221; css=&#8221;.vc_custom_1696748345625{margin-top: 0px !important;margin-bottom: 20px !important;}&#8221; el_class=&#8221;font-weight-bold&#8221;][vc_custom_heading text=&#8221;Data la sempre crescente importanza di formare adeguatamente i dipendenti delle aziende [&hellip;]<\/p>\n","protected":false},"author":1,"featured_media":8228,"parent":0,"menu_order":0,"comment_status":"closed","ping_status":"closed","template":"","meta":{"footnotes":""},"aioseo_notices":[],"_links":{"self":[{"href":"https:\/\/www.nowyou.it\/index.php\/wp-json\/wp\/v2\/pages\/6418"}],"collection":[{"href":"https:\/\/www.nowyou.it\/index.php\/wp-json\/wp\/v2\/pages"}],"about":[{"href":"https:\/\/www.nowyou.it\/index.php\/wp-json\/wp\/v2\/types\/page"}],"author":[{"embeddable":true,"href":"https:\/\/www.nowyou.it\/index.php\/wp-json\/wp\/v2\/users\/1"}],"replies":[{"embeddable":true,"href":"https:\/\/www.nowyou.it\/index.php\/wp-json\/wp\/v2\/comments?post=6418"}],"version-history":[{"count":12,"href":"https:\/\/www.nowyou.it\/index.php\/wp-json\/wp\/v2\/pages\/6418\/revisions"}],"predecessor-version":[{"id":8229,"href":"https:\/\/www.nowyou.it\/index.php\/wp-json\/wp\/v2\/pages\/6418\/revisions\/8229"}],"wp:featuredmedia":[{"embeddable":true,"href":"https:\/\/www.nowyou.it\/index.php\/wp-json\/wp\/v2\/media\/8228"}],"wp:attachment":[{"href":"https:\/\/www.nowyou.it\/index.php\/wp-json\/wp\/v2\/media?parent=6418"}],"curies":[{"name":"wp","href":"https:\/\/api.w.org\/{rel}","templated":true}]}}